
{"id":77,"date":"2016-01-11T12:51:58","date_gmt":"2016-01-11T12:51:58","guid":{"rendered":"http:\/\/new.pommfritz.de\/impressum\/"},"modified":"2016-01-20T10:14:58","modified_gmt":"2016-01-20T10:14:58","slug":"impressum","status":"publish","type":"page","link":"https:\/\/pommfritz.de\/home\/impressum\/","title":{"rendered":"Impressum"},"content":{"rendered":"<h1>Impressum<\/h1>\n<p class=\"bodytext\">POMM FRITZ-Band G.b.R.<br \/>\nBuchenstra\u00dfe 5, 88416 Steinhausen<\/p>\n<p class=\"bodytext\">Email: kontakt@pommfritz.de<br \/>\nTel:\u00a007352 \/ 3030<\/p>\n<p class=\"bodytext\">Steuernummer:\u00a02854\/011\/00681<\/p>\n<p class=\"bodytext\"><b>Vertretungsberechtigte Gesch\u00e4ftsf\u00fchrer:<\/b><br \/>\nMartin Eger, Joe Fels, Stefan L\u00e4mmle, Stefan Reisacher<\/p>\n<p class=\"bodytext\"><b>Inhaltlich Verantwortlicher gem\u00e4\u00df \u00a7 6 MDStV:<\/b><br \/>\nMartin Eger, Joe Fels, Stefan L\u00e4mmle, Stefan Reisacher<\/p>\n<h3>Haftung f\u00fcr Inhalte<\/h3>\n<p>Die Inhalte unserer Seiten wurden mit gr\u00f6\u00dfter Sorgfalt erstellt.\u00a0F\u00fcr die Richtigkeit, Vollst\u00e4ndigkeit und Aktualit\u00e4t der Inhalte\u00a0k\u00f6nnen wir jedoch keine Gew\u00e4hr \u00fcbernehmen. Als Diensteanbieter sind wir gem\u00e4\u00df \u00a7 7 Abs.1 TMG f\u00fcr\u00a0eigene Inhalte auf diesen Seiten nach den allgemeinen Gesetzen verantwortlich.\u00a0Nach \u00a7\u00a7 8 bis 10 TMG sind wir als Diensteanbieter jedoch nicht\u00a0verpflichtet, \u00fcbermittelte oder gespeicherte fremde Informationen zu\u00a0\u00fcberwachen oder nach Umst\u00e4nden zu forschen, die auf eine rechtswidrige\u00a0T\u00e4tigkeit hinweisen. Verpflichtungen zur Entfernung oder Sperrung der\u00a0Nutzung von Informationen nach den allgemeinen Gesetzen bleiben hiervon\u00a0unber\u00fchrt. Eine diesbez\u00fcgliche Haftung ist jedoch erst ab dem\u00a0Zeitpunkt der Kenntnis einer konkreten Rechtsverletzung m\u00f6glich. Bei\u00a0Bekanntwerden von entsprechenden Rechtsverletzungen werden wir diese Inhalte\u00a0umgehend entfernen.<\/p>\n<h3>Haftung f\u00fcr Links<\/h3>\n<p>Unser Angebot enth\u00e4lt Links zu externen Webseiten Dritter, auf deren\u00a0Inhalte wir keinen Einfluss haben. Deshalb k\u00f6nnen wir f\u00fcr diese\u00a0fremden Inhalte auch keine Gew\u00e4hr \u00fcbernehmen. F\u00fcr die Inhalte\u00a0der verlinkten Seiten ist stets der jeweilige Anbieter oder Betreiber der\u00a0Seiten verantwortlich. Die verlinkten Seiten wurden zum Zeitpunkt der Verlinkung\u00a0auf m\u00f6gliche Rechtsverst\u00f6\u00dfe \u00fcberpr\u00fcft. Rechtswidrige\u00a0Inhalte waren zum Zeitpunkt der Verlinkung nicht erkennbar. Eine permanente\u00a0inhaltliche Kontrolle der verlinkten Seiten ist jedoch ohne konkrete Anhaltspunkte\u00a0einer Rechtsverletzung nicht zumutbar. Bei Bekanntwerden von Rechtsverletzungen\u00a0werden wir derartige Links umgehend entfernen.<\/p>\n<h3>Urheberrecht<\/h3>\n<p>Die durch die Seitenbetreiber erstellten Inhalte und Werke auf diesen Seiten\u00a0unterliegen dem deutschen Urheberrecht. Die Vervielf\u00e4ltigung, Bearbeitung, Verbreitung und\u00a0jede Art der Verwertung au\u00dferhalb der Grenzen des Urheberrechtes bed\u00fcrfen\u00a0der schriftlichen Zustimmung des jeweiligen Autors bzw. Erstellers. Downloads\u00a0und Kopien dieser Seite sind nur f\u00fcr den privaten, nicht kommerziellen\u00a0Gebrauch gestattet. Soweit die Inhalte auf dieser Seite nicht vom Betreiber erstellt wurden,\u00a0werden die Urheberrechte Dritter beachtet. Insbesondere werden Inhalte Dritter als solche\u00a0gekennzeichnet. Sollten Sie trotzdem auf eine Urheberrechtsverletzung aufmerksam werden, bitten wir um einen entsprechenden Hinweis.\u00a0Bei Bekanntwerden von Rechtsverletzungen werden wir derartige Inhalte umgehend entfernen.<\/p>\n<h3>Beschwerdeverfahren<\/h3>\n<div class=\"woocommerce woocommerce-gzd woocommerce-gzd-complaints-shortcode\">\n\t\t\t<h3>Alternative Streitbeilegung gem\u00e4\u00df Art. 14 Abs. 1 ODR-VO und \u00a7 36 VSBG:<\/h3>\n\t\nZur Teilnahme an einem Streitbeilegungsverfahren vor einer Verbraucherschlichtungsstelle sind wir nicht verpflichtet und nicht bereit. <\/div>\n<div id=\"themify_builder_content-77\" data-postid=\"77\" class=\"themify_builder_content themify_builder_content-77 themify_builder themify_builder_front\">\n\n\t<\/div>\n<!-- \/themify_builder_content -->","protected":false},"excerpt":{"rendered":"<p>Impressum POMM FRITZ-Band G.b.R. Buchenstra\u00dfe 5, 88416 Steinhausen Email: kontakt@pommfritz.de Tel:\u00a007352 \/ 3030 Steuernummer:\u00a02854\/011\/00681 Vertretungsberechtigte Gesch\u00e4ftsf\u00fchrer: Martin Eger, Joe Fels, Stefan L\u00e4mmle, Stefan Reisacher Inhaltlich Verantwortlicher gem\u00e4\u00df \u00a7 6 MDStV: Martin Eger, Joe Fels, Stefan L\u00e4mmle, Stefan Reisacher Haftung f\u00fcr Inhalte Die Inhalte unserer Seiten wurden mit gr\u00f6\u00dfter Sorgfalt erstellt.\u00a0F\u00fcr die Richtigkeit, Vollst\u00e4ndigkeit und Aktualit\u00e4t [&hellip;]<\/p>\n","protected":false},"author":1,"featured_media":0,"parent":0,"menu_order":0,"comment_status":"closed","ping_status":"closed","template":"","meta":{"ngg_post_thumbnail":0,"footnotes":""},"class_list":["post-77","page","type-page","status-publish","hentry","has-post-title","has-post-date","has-post-category","has-post-tag","has-post-comment","has-post-author"],"_links":{"self":[{"href":"https:\/\/pommfritz.de\/home\/wp-json\/wp\/v2\/pages\/77","targetHints":{"allow":["GET"]}}],"collection":[{"href":"https:\/\/pommfritz.de\/home\/wp-json\/wp\/v2\/pages"}],"about":[{"href":"https:\/\/pommfritz.de\/home\/wp-json\/wp\/v2\/types\/page"}],"author":[{"embeddable":true,"href":"https:\/\/pommfritz.de\/home\/wp-json\/wp\/v2\/users\/1"}],"replies":[{"embeddable":true,"href":"https:\/\/pommfritz.de\/home\/wp-json\/wp\/v2\/comments?post=77"}],"version-history":[{"count":7,"href":"https:\/\/pommfritz.de\/home\/wp-json\/wp\/v2\/pages\/77\/revisions"}],"predecessor-version":[{"id":422,"href":"https:\/\/pommfritz.de\/home\/wp-json\/wp\/v2\/pages\/77\/revisions\/422"}],"wp:attachment":[{"href":"https:\/\/pommfritz.de\/home\/wp-json\/wp\/v2\/media?parent=77"}],"curies":[{"name":"wp","href":"https:\/\/api.w.org\/{rel}","templated":true}]}}