
{"id":135,"date":"2016-01-13T15:59:07","date_gmt":"2016-01-13T15:59:07","guid":{"rendered":"http:\/\/new.pommfritz.de\/?page_id=135"},"modified":"2025-09-21T10:48:26","modified_gmt":"2025-09-21T10:48:26","slug":"presse-und-veranstalter","status":"publish","type":"page","link":"https:\/\/pommfritz.de\/home\/presse-und-veranstalter\/","title":{"rendered":"Presse und Veranstalter"},"content":{"rendered":"<h1>Presse<\/h1>\n<p><a href=\"https:\/\/pommfritz.de\/wp-content\/uploads\/2025\/01\/PFHSS-Schriftzug.png\">Hond sends scho &#8211; Schriftzug 1<\/a><\/p>\n<p><a href=\"https:\/\/pommfritz.de\/wp-content\/uploads\/2025\/01\/PF-Schriftzug.png\">Honds sends scho &#8211; Schriftzug 2<\/a><\/p>\n<p><a href=\"https:\/\/pommfritz.de\/wp-content\/uploads\/2025\/01\/HSS-mit-Hunden-k.png\">Hond sends scho &#8211; Schriftzug 3<\/a><\/p>\n<p><a href=\"https:\/\/pommfritz.de\/wp-content\/uploads\/2025\/01\/Hond_sends_scho_Schriftzuege_eps.7z\">Hond sends scho &#8211; Schriftz\u00fcge eps<\/a><\/p>\n<p><a href=\"https:\/\/pommfritz.de\/wp-content\/uploads\/2022\/05\/POMM-FRITZ-2-scaled.jpg\">Hond sends scho-Pressebild 1<\/a><\/p>\n<p><a href=\"https:\/\/pommfritz.de\/wp-content\/uploads\/2022\/05\/POMM-FRITZ-3-scaled.jpg\">Hond sends scho-Pressebild 2<\/a><\/p>\n<p><a href=\"https:\/\/pommfritz.de\/wp-content\/uploads\/2025\/01\/Pressebericht-2025.docx\">Hond sends scho-Pressetext<\/a><\/p>\n<p>&nbsp;<\/p>\n<h1>Veranstalter<\/h1>\n<p class=\"bodytext\">Hier&nbsp;finden unsere Veranstalter alles was sie brauchen:<\/p>\n<ul>\n<li class=\"bodytext\"><a href=\"https:\/\/pommfritz.de\/wp-content\/uploads\/2025\/09\/Technische-Buehnenanforderung-Seite-1-von-3.docx\">B\u00fchnenanweisung Seite_1<\/a><\/li>\n<li class=\"bodytext\"><a href=\"https:\/\/pommfritz.de\/wp-content\/uploads\/2022\/05\/Technische-Buehnenanforderung-Seite-2-von-3.pdf\" target=\"_blank\" rel=\"noopener noreferrer\">B\u00fchnenanweisung Seite_2<\/a><\/li>\n<li class=\"bodytext\"><a href=\"http:\/\/pommfritz.de\/wp-content\/uploads\/2016\/01\/Pomm_Fritz_B\u00fchnenanweisung_2013___Seite_3_.pdf\" target=\"_blank\" rel=\"noopener noreferrer\">B\u00fchnenanweisung Seite_3<\/a><\/li>\n<\/ul>\n<div id=\"themify_builder_content-135\" data-postid=\"135\" class=\"themify_builder_content themify_builder_content-135 themify_builder themify_builder_front\">\n\n\t<\/div>\n<!-- \/themify_builder_content -->","protected":false},"excerpt":{"rendered":"<p>Presse Hond sends scho &#8211; Schriftzug 1 Honds sends scho &#8211; Schriftzug 2 Hond sends scho &#8211; Schriftzug 3 Hond sends scho &#8211; Schriftz\u00fcge eps Hond sends scho-Pressebild 1 Hond sends scho-Pressebild 2 Hond sends scho-Pressetext &nbsp; Veranstalter Hier&nbsp;finden unsere Veranstalter alles was sie brauchen: B\u00fchnenanweisung Seite_1 B\u00fchnenanweisung Seite_2 B\u00fchnenanweisung Seite_3<\/p>\n","protected":false},"author":1,"featured_media":0,"parent":0,"menu_order":0,"comment_status":"closed","ping_status":"closed","template":"","meta":{"ngg_post_thumbnail":0,"footnotes":""},"class_list":["post-135","page","type-page","status-publish","hentry","has-post-title","has-post-date","has-post-category","has-post-tag","has-post-comment","has-post-author"],"_links":{"self":[{"href":"https:\/\/pommfritz.de\/home\/wp-json\/wp\/v2\/pages\/135","targetHints":{"allow":["GET"]}}],"collection":[{"href":"https:\/\/pommfritz.de\/home\/wp-json\/wp\/v2\/pages"}],"about":[{"href":"https:\/\/pommfritz.de\/home\/wp-json\/wp\/v2\/types\/page"}],"author":[{"embeddable":true,"href":"https:\/\/pommfritz.de\/home\/wp-json\/wp\/v2\/users\/1"}],"replies":[{"embeddable":true,"href":"https:\/\/pommfritz.de\/home\/wp-json\/wp\/v2\/comments?post=135"}],"version-history":[{"count":55,"href":"https:\/\/pommfritz.de\/home\/wp-json\/wp\/v2\/pages\/135\/revisions"}],"predecessor-version":[{"id":7112,"href":"https:\/\/pommfritz.de\/home\/wp-json\/wp\/v2\/pages\/135\/revisions\/7112"}],"wp:attachment":[{"href":"https:\/\/pommfritz.de\/home\/wp-json\/wp\/v2\/media?parent=135"}],"curies":[{"name":"wp","href":"https:\/\/api.w.org\/{rel}","templated":true}]}}